{"id":67,"date":"2018-01-01T15:18:24","date_gmt":"2018-01-01T15:18:24","guid":{"rendered":"http:\/\/jorvik.outpost.studio\/?page_id=67"},"modified":"2018-11-03T16:32:49","modified_gmt":"2018-11-03T16:32:49","slug":"story","status":"publish","type":"page","link":"https:\/\/alphacreativetest.co.uk\/de\/story\/","title":{"rendered":"Geschichte"},"content":{"rendered":"<div class=\"wpb-content-wrapper\"><section class=\"vc_section green\"><div class=\"vc_row wpb_row vc_row-fluid\"><div class=\"wpb_animate_when_almost_visible wpb_fadeIn fadeIn wpb_column vc_column_container vc_col-sm-12\"><div class=\"vc_column-inner\"><div class=\"wpb_wrapper\"><div class=\"vc_row wpb_row vc_inner vc_row-fluid\"><div class=\"wpb_column vc_column_container vc_col-sm-12 vc_col-lg-offset-1 vc_col-lg-11 vc_col-md-offset-0 vc_col-md-12\"><div class=\"vc_column-inner\"><div class=\"wpb_wrapper\">\n\t<div class=\"wpb_text_column wpb_content_element\" >\n\t\t<div class=\"wpb_wrapper\">\n\t\t\t<h2>Jorvik-Geschichte<\/h2>\n\n\t\t<\/div>\n\t<\/div>\n<\/div><\/div><\/div><\/div><\/div><\/div><\/div><\/div><div class=\"vc_row wpb_row vc_row-fluid\"><div class=\"wpb_animate_when_almost_visible wpb_fadeIn fadeIn wpb_column vc_column_container vc_col-sm-12\"><div class=\"vc_column-inner\"><div class=\"wpb_wrapper\"><div class=\"vc_row wpb_row vc_inner vc_row-fluid\"><div class=\"wpb_column vc_column_container vc_col-sm-12 vc_col-lg-offset-4 vc_col-lg-8 vc_col-md-offset-0 vc_col-md-12\"><div class=\"vc_column-inner\"><div class=\"wpb_wrapper\">\n\t<div class=\"wpb_text_column wpb_content_element\" >\n\t\t<div class=\"wpb_wrapper\">\n\t\t\t<h3>Willkommen im Jorvik Hotel<\/h3>\n<h3>Ihr Hotel liegt im Herzen des historischen York. Gegen\u00fcber befindet sich die St. Olave&#039;s Church, die fast tausend Jahre alt ist und im Jahr 1055 gegr\u00fcndet wurde.<\/h3>\n<h3>Die Kirche, benannt nach dem norwegischen Heiligen St. Olaf, zeugt vom Einfluss der Wikinger in der Stadt York, und unser Hotel hat seinen Namen vom Wikingernamen f\u00fcr York: Jorvik.<\/h3>\n\n\t\t<\/div>\n\t<\/div>\n<\/div><\/div><\/div><\/div><\/div><\/div><\/div><\/div><div class=\"vc_row wpb_row vc_row-fluid\"><div class=\"wpb_column vc_column_container vc_col-sm-12 vc_hidden-xs\"><div class=\"vc_column-inner\"><div class=\"wpb_wrapper\"><div class=\"vc_empty_space\"   style=\"height: 80px\"><span class=\"vc_empty_space_inner\"><\/span><\/div><\/div><\/div><\/div><\/div><div class=\"vc_row wpb_row vc_row-fluid\"><div class=\"wpb_animate_when_almost_visible wpb_fadeIn fadeIn wpb_column vc_column_container vc_col-sm-12\"><div class=\"vc_column-inner\"><div class=\"wpb_wrapper\"><div class=\"vc_row wpb_row vc_inner vc_row-fluid\"><div class=\"wpb_column vc_column_container vc_col-sm-12 vc_col-lg-10\"><div class=\"vc_column-inner\"><div class=\"wpb_wrapper\">\n\t<div  class=\"wpb_single_image wpb_content_element vc_align_left wpb_content_element\">\n\t\t\n\t\t<figure class=\"wpb_wrapper vc_figure\">\n\t\t\t<div class=\"vc_single_image-wrapper   vc_box_border_grey\"><img loading=\"lazy\" decoding=\"async\" width=\"2000\" height=\"1335\" src=\"https:\/\/alphacreativetest.co.uk\/wp-content\/uploads\/Story_S2.jpg\" class=\"vc_single_image-img attachment-full\" alt=\"\" title=\"Story_S2\" srcset=\"https:\/\/alphacreativetest.co.uk\/wp-content\/uploads\/Story_S2.jpg 2000w, https:\/\/alphacreativetest.co.uk\/wp-content\/uploads\/Story_S2-300x200.jpg 300w, https:\/\/alphacreativetest.co.uk\/wp-content\/uploads\/Story_S2-768x513.jpg 768w, https:\/\/alphacreativetest.co.uk\/wp-content\/uploads\/Story_S2-1024x684.jpg 1024w, https:\/\/alphacreativetest.co.uk\/wp-content\/uploads\/Story_S2-848x566.jpg 848w, https:\/\/alphacreativetest.co.uk\/wp-content\/uploads\/Story_S2-1140x761.jpg 1140w, https:\/\/alphacreativetest.co.uk\/wp-content\/uploads\/Story_S2-1170x781.jpg 1170w, https:\/\/alphacreativetest.co.uk\/wp-content\/uploads\/Story_S2-1920x1282.jpg 1920w\" sizes=\"auto, (max-width: 2000px) 100vw, 2000px\" \/><\/div>\n\t\t<\/figure>\n\t<\/div>\n\n\t<div  class=\"wpb_single_image wpb_content_element vc_align_left wpb_content_element wpb_animate_when_almost_visible wpb_fadeIn fadeIn  whitecrest\">\n\t\t\n\t\t<figure class=\"wpb_wrapper vc_figure\">\n\t\t\t<div class=\"vc_single_image-wrapper   vc_box_border_grey\"><img loading=\"lazy\" decoding=\"async\" width=\"630\" height=\"630\" src=\"https:\/\/alphacreativetest.co.uk\/wp-content\/uploads\/whitecrest.png\" class=\"vc_single_image-img attachment-full\" alt=\"\" title=\"whitecrest\" srcset=\"https:\/\/alphacreativetest.co.uk\/wp-content\/uploads\/whitecrest.png 630w, https:\/\/alphacreativetest.co.uk\/wp-content\/uploads\/whitecrest-150x150.png 150w, https:\/\/alphacreativetest.co.uk\/wp-content\/uploads\/whitecrest-300x300.png 300w\" sizes=\"auto, (max-width: 630px) 100vw, 630px\" \/><\/div>\n\t\t<\/figure>\n\t<\/div>\n<\/div><\/div><\/div><\/div><\/div><\/div><\/div><\/div><div class=\"vc_row wpb_row vc_row-fluid\"><div class=\"wpb_column vc_column_container vc_col-sm-12 vc_hidden-xs\"><div class=\"vc_column-inner\"><div class=\"wpb_wrapper\"><div class=\"vc_empty_space\"   style=\"height: 20px\"><span class=\"vc_empty_space_inner\"><\/span><\/div><\/div><\/div><\/div><\/div><div class=\"vc_row wpb_row vc_row-fluid\"><div class=\"wpb_animate_when_almost_visible wpb_fadeIn fadeIn wpb_column vc_column_container vc_col-sm-12\"><div class=\"vc_column-inner\"><div class=\"wpb_wrapper\"><div class=\"vc_row wpb_row vc_inner vc_row-fluid\"><div class=\"wpb_column vc_column_container vc_col-sm-12 vc_col-lg-offset-1 vc_col-lg-11 vc_col-md-offset-0 vc_col-md-12\"><div class=\"vc_column-inner\"><div class=\"wpb_wrapper\">\n\t<div class=\"wpb_text_column wpb_content_element\" >\n\t\t<div class=\"wpb_wrapper\">\n\t\t\t<h2>Unsere Geschichte<\/h2>\n\n\t\t<\/div>\n\t<\/div>\n<\/div><\/div><\/div><\/div><\/div><\/div><\/div><\/div><div class=\"vc_row wpb_row vc_row-fluid\"><div class=\"wpb_animate_when_almost_visible wpb_fadeIn fadeIn wpb_column vc_column_container vc_col-sm-12\"><div class=\"vc_column-inner\"><div class=\"wpb_wrapper\"><div class=\"vc_row wpb_row vc_inner vc_row-fluid\"><div class=\"wpb_column vc_column_container vc_col-sm-12 vc_col-lg-offset-5 vc_col-lg-7 vc_col-md-offset-4 vc_col-md-8 vc_col-sm-offset-0\"><div class=\"vc_column-inner\"><div class=\"wpb_wrapper\">\n\t<div class=\"wpb_text_column wpb_content_element\" >\n\t\t<div class=\"wpb_wrapper\">\n\t\t\t<p>Nach der normannischen Eroberung ging die Kirche von St. Olave an Alan, Earl of Bretagne, \u00fcber, der die Kirche und das umliegende Land Stephen, einem M\u00f6nch aus Whitby, schenkte, damit dieser dort ein Kloster, die Abtei St. Mary, gr\u00fcnden konnte.<\/p>\n<p>Die Bausubstanz der Abtei ist heute noch in den Museumsg\u00e4rten gegen\u00fcber dem Hotel zu sehen. St. Mary\u2019s war eines der reichsten Benediktinerkl\u00f6ster des Landes und ist, trotz der Zerst\u00f6rungen w\u00e4hrend der Aufl\u00f6sung der Kl\u00f6ster, immer noch das am besten erhaltene Stadtkloster Schottlands.<\/p>\n\n\t\t<\/div>\n\t<\/div>\n<\/div><\/div><\/div><\/div><\/div><\/div><\/div><\/div><div class=\"vc_row wpb_row vc_row-fluid\"><div class=\"wpb_column vc_column_container vc_col-sm-12 vc_hidden-xs\"><div class=\"vc_column-inner\"><div class=\"wpb_wrapper\"><div class=\"vc_empty_space\"   style=\"height: 50px\"><span class=\"vc_empty_space_inner\"><\/span><\/div><\/div><\/div><\/div><\/div><div class=\"vc_row wpb_row vc_row-fluid\"><div class=\"wpb_animate_when_almost_visible wpb_fadeIn fadeIn wpb_column vc_column_container vc_col-sm-12\"><div class=\"vc_column-inner\"><div class=\"wpb_wrapper\"><div class=\"vc_row wpb_row vc_inner vc_row-fluid\"><div class=\"wpb_column vc_column_container vc_col-sm-4 vc_col-lg-offset-2 vc_col-lg-3 vc_col-md-offset-0 vc_col-md-4\"><div class=\"vc_column-inner\"><div class=\"wpb_wrapper\">\n\t<div  class=\"wpb_single_image wpb_content_element vc_align_left wpb_content_element\">\n\t\t\n\t\t<figure class=\"wpb_wrapper vc_figure\">\n\t\t\t<div class=\"vc_single_image-wrapper   vc_box_border_grey\"><img loading=\"lazy\" decoding=\"async\" width=\"1275\" height=\"850\" src=\"https:\/\/alphacreativetest.co.uk\/wp-content\/uploads\/The-Jorvik-006_WEB.jpg\" class=\"vc_single_image-img attachment-full\" alt=\"\" title=\"Jorvik 006_WEB\" srcset=\"https:\/\/alphacreativetest.co.uk\/wp-content\/uploads\/The-Jorvik-006_WEB.jpg 1275w, https:\/\/alphacreativetest.co.uk\/wp-content\/uploads\/The-Jorvik-006_WEB-300x200.jpg 300w, https:\/\/alphacreativetest.co.uk\/wp-content\/uploads\/The-Jorvik-006_WEB-768x512.jpg 768w, https:\/\/alphacreativetest.co.uk\/wp-content\/uploads\/The-Jorvik-006_WEB-1024x683.jpg 1024w, https:\/\/alphacreativetest.co.uk\/wp-content\/uploads\/The-Jorvik-006_WEB-848x565.jpg 848w, https:\/\/alphacreativetest.co.uk\/wp-content\/uploads\/The-Jorvik-006_WEB-1140x760.jpg 1140w, https:\/\/alphacreativetest.co.uk\/wp-content\/uploads\/The-Jorvik-006_WEB-1170x780.jpg 1170w\" sizes=\"auto, (max-width: 1275px) 100vw, 1275px\" \/><\/div>\n\t\t<\/figure>\n\t<\/div>\n<\/div><\/div><\/div><div class=\"wpb_column vc_column_container vc_col-sm-4 vc_col-lg-3 vc_col-md-4\"><div class=\"vc_column-inner\"><div class=\"wpb_wrapper\">\n\t<div  class=\"wpb_single_image wpb_content_element vc_align_left wpb_content_element\">\n\t\t\n\t\t<figure class=\"wpb_wrapper vc_figure\">\n\t\t\t<div class=\"vc_single_image-wrapper   vc_box_border_grey\"><img loading=\"lazy\" decoding=\"async\" width=\"816\" height=\"540\" src=\"https:\/\/alphacreativetest.co.uk\/wp-content\/uploads\/story-25.jpg\" class=\"vc_single_image-img attachment-full\" alt=\"\" title=\"_story-25\" srcset=\"https:\/\/alphacreativetest.co.uk\/wp-content\/uploads\/story-25.jpg 816w, https:\/\/alphacreativetest.co.uk\/wp-content\/uploads\/story-25-300x199.jpg 300w, https:\/\/alphacreativetest.co.uk\/wp-content\/uploads\/story-25-768x508.jpg 768w\" sizes=\"auto, (max-width: 816px) 100vw, 816px\" \/><\/div>\n\t\t<\/figure>\n\t<\/div>\n<\/div><\/div><\/div><div class=\"wpb_column vc_column_container vc_col-sm-4 vc_col-lg-3 vc_col-md-4\"><div class=\"vc_column-inner\"><div class=\"wpb_wrapper\">\n\t<div  class=\"wpb_single_image wpb_content_element vc_align_left wpb_content_element\">\n\t\t\n\t\t<figure class=\"wpb_wrapper vc_figure\">\n\t\t\t<div class=\"vc_single_image-wrapper   vc_box_border_grey\"><img loading=\"lazy\" decoding=\"async\" width=\"816\" height=\"540\" src=\"https:\/\/alphacreativetest.co.uk\/wp-content\/uploads\/story-24.jpg\" class=\"vc_single_image-img attachment-full\" alt=\"\" title=\"_story-24\" srcset=\"https:\/\/alphacreativetest.co.uk\/wp-content\/uploads\/story-24.jpg 816w, https:\/\/alphacreativetest.co.uk\/wp-content\/uploads\/story-24-300x199.jpg 300w, https:\/\/alphacreativetest.co.uk\/wp-content\/uploads\/story-24-768x508.jpg 768w\" sizes=\"auto, (max-width: 816px) 100vw, 816px\" \/><\/div>\n\t\t<\/figure>\n\t<\/div>\n<\/div><\/div><\/div><\/div><\/div><\/div><\/div><\/div><div class=\"vc_row wpb_row vc_row-fluid\"><div class=\"wpb_column vc_column_container vc_col-sm-12 vc_hidden-xs\"><div class=\"vc_column-inner\"><div class=\"wpb_wrapper\"><div class=\"vc_empty_space\"   style=\"height: 50px\"><span class=\"vc_empty_space_inner\"><\/span><\/div><\/div><\/div><\/div><\/div><div class=\"vc_row wpb_row vc_row-fluid\"><div class=\"wpb_animate_when_almost_visible wpb_fadeIn fadeIn wpb_column vc_column_container vc_col-sm-12\"><div class=\"vc_column-inner\"><div class=\"wpb_wrapper\"><div class=\"vc_row wpb_row vc_inner vc_row-fluid\"><div class=\"wpb_column vc_column_container vc_col-sm-12 vc_col-lg-offset-1 vc_col-lg-6 vc_col-md-offset-4 vc_col-md-8 vc_col-sm-offset-0\"><div class=\"vc_column-inner\"><div class=\"wpb_wrapper\">\n\t<div class=\"wpb_text_column wpb_content_element\" >\n\t\t<div class=\"wpb_wrapper\">\n\t\t\t<p>Die Abtei besa\u00df betr\u00e4chtliche Macht, eine Macht, die den Einwohnern von York nicht immer gefiel. Tats\u00e4chlich wurde die Mauer, die die Abtei umgibt und sich \u00fcber die gesamte L\u00e4nge der Marygate erstreckt, zum Schutz der M\u00f6nche errichtet.<\/p>\n<p>Im Jahr 1262 t\u00f6teten die B\u00fcrger von York drei Diener des Abtes und brannten H\u00e4user nieder, die die Abtei in der N\u00e4he errichten lie\u00df. Daraufhin bat der Abt den K\u00f6nig erfolgreich, die Abtei vor den Angriffen der Bev\u00f6lkerung von York zu sch\u00fctzen \u2013 sie wurde mit einer Mauer umgeben, die Zinnen, h\u00f6lzerne Galerien im Inneren und in bestimmten Abst\u00e4nden T\u00fcrme umfasste. Der Marygate Tower steht noch heute an der Ecke Bootham. Der Eingang, den Sie gegen\u00fcber dem Hotel sehen, war der Haupteingang zur Abtei. Heutzutage sind jedoch die Einwohner von York und Besucher innerhalb der Mauern willkommen.<\/p>\n\n\t\t<\/div>\n\t<\/div>\n<\/div><\/div><\/div><div class=\"wpb_column vc_column_container vc_col-sm-6 vc_col-lg-offset-1 vc_col-lg-4 vc_hidden-md vc_hidden-sm vc_hidden-xs\"><div class=\"vc_column-inner\"><div class=\"wpb_wrapper\">\n\t<div  class=\"wpb_single_image wpb_content_element vc_align_left wpb_content_element\">\n\t\t\n\t\t<figure class=\"wpb_wrapper vc_figure\">\n\t\t\t<div class=\"vc_single_image-wrapper   vc_box_border_grey\"><img loading=\"lazy\" decoding=\"async\" width=\"1013\" height=\"675\" src=\"https:\/\/alphacreativetest.co.uk\/wp-content\/uploads\/Story_S3.jpg\" class=\"vc_single_image-img attachment-full\" alt=\"\" title=\"Story_S3\" srcset=\"https:\/\/alphacreativetest.co.uk\/wp-content\/uploads\/Story_S3.jpg 1013w, https:\/\/alphacreativetest.co.uk\/wp-content\/uploads\/Story_S3-300x200.jpg 300w, https:\/\/alphacreativetest.co.uk\/wp-content\/uploads\/Story_S3-768x512.jpg 768w, https:\/\/alphacreativetest.co.uk\/wp-content\/uploads\/Story_S3-848x565.jpg 848w\" sizes=\"auto, (max-width: 1013px) 100vw, 1013px\" \/><\/div>\n\t\t<\/figure>\n\t<\/div>\n<\/div><\/div><\/div><\/div><\/div><\/div><\/div><\/div><div class=\"vc_row wpb_row vc_row-fluid\"><div class=\"wpb_column vc_column_container vc_col-sm-12 vc_hidden-xs\"><div class=\"vc_column-inner\"><div class=\"wpb_wrapper\"><div class=\"vc_empty_space\"   style=\"height: 50px\"><span class=\"vc_empty_space_inner\"><\/span><\/div><\/div><\/div><\/div><\/div><div class=\"vc_row wpb_row vc_row-fluid\"><div class=\"wpb_animate_when_almost_visible wpb_fadeIn fadeIn wpb_column vc_column_container vc_col-sm-12\"><div class=\"vc_column-inner\"><div class=\"wpb_wrapper\"><div class=\"vc_row wpb_row vc_inner vc_row-fluid\"><div class=\"wpb_column vc_column_container vc_col-sm-12 vc_col-lg-offset-1 vc_col-lg-11 vc_col-md-offset-0 vc_col-md-12\"><div class=\"vc_column-inner\"><div class=\"wpb_wrapper\">\n\t<div class=\"wpb_text_column wpb_content_element\" >\n\t\t<div class=\"wpb_wrapper\">\n\t\t\t<h2>Ihr Aufenthalt<\/h2>\n\n\t\t<\/div>\n\t<\/div>\n<\/div><\/div><\/div><\/div><\/div><\/div><\/div><\/div><div class=\"vc_row wpb_row vc_row-fluid\"><div class=\"wpb_animate_when_almost_visible wpb_fadeIn fadeIn wpb_column vc_column_container vc_col-sm-12\"><div class=\"vc_column-inner\"><div class=\"wpb_wrapper\"><div class=\"vc_row wpb_row vc_inner vc_row-fluid\"><div class=\"wpb_column vc_column_container vc_col-sm-12 vc_col-lg-5 vc_col-md-4\"><div class=\"vc_column-inner\"><div class=\"wpb_wrapper\"><div class=\"vc_empty_space\"   style=\"height: 10px\"><span class=\"vc_empty_space_inner\"><\/span><\/div>\n\t<div  class=\"wpb_single_image wpb_content_element vc_align_left wpb_content_element\">\n\t\t\n\t\t<figure class=\"wpb_wrapper vc_figure\">\n\t\t\t<div class=\"vc_single_image-wrapper   vc_box_border_grey\"><img loading=\"lazy\" decoding=\"async\" width=\"1600\" height=\"1139\" src=\"https:\/\/alphacreativetest.co.uk\/wp-content\/uploads\/The-Jorvik-004_WEB.jpg\" class=\"vc_single_image-img attachment-full\" alt=\"\" title=\"Jorvik 004_WEB\" srcset=\"https:\/\/alphacreativetest.co.uk\/wp-content\/uploads\/The-Jorvik-004_WEB.jpg 1600w, https:\/\/alphacreativetest.co.uk\/wp-content\/uploads\/The-Jorvik-004_WEB-300x214.jpg 300w, https:\/\/alphacreativetest.co.uk\/wp-content\/uploads\/The-Jorvik-004_WEB-768x547.jpg 768w, https:\/\/alphacreativetest.co.uk\/wp-content\/uploads\/The-Jorvik-004_WEB-1024x729.jpg 1024w, https:\/\/alphacreativetest.co.uk\/wp-content\/uploads\/The-Jorvik-004_WEB-848x604.jpg 848w, https:\/\/alphacreativetest.co.uk\/wp-content\/uploads\/The-Jorvik-004_WEB-1140x812.jpg 1140w, https:\/\/alphacreativetest.co.uk\/wp-content\/uploads\/The-Jorvik-004_WEB-1170x833.jpg 1170w\" sizes=\"auto, (max-width: 1600px) 100vw, 1600px\" \/><\/div>\n\t\t<\/figure>\n\t<\/div>\n<\/div><\/div><\/div><div class=\"wpb_column vc_column_container vc_col-sm-12 vc_col-lg-offset-1 vc_col-lg-6 vc_col-md-8\"><div class=\"vc_column-inner\"><div class=\"wpb_wrapper\">\n\t<div class=\"wpb_text_column wpb_content_element\" >\n\t\t<div class=\"wpb_wrapper\">\n\t\t\t<p>Im Jorvik Hotel m\u00f6chten wir heute dem anspruchsvollen Reisenden einen skandinavischen Empfang bieten.<\/p>\n<p>Aufbauend auf Yorks Wikinger-Einfl\u00fcssen haben wir R\u00e4ume geschaffen, die einen skurrilen, reduzierten, entspannten nordischen Stil widerspiegeln, mit makelloser Handwerkskunst und unaufdringlicher Eleganz.<\/p>\n<p>Unser Ziel war es, den Geist von Hygge (ausgesprochen &#039;hue-gah&#039;) zu beschw\u00f6ren, dem d\u00e4nischen Wort, das sich als herzliche Geselligkeit in einem kalten Klima \u00fcbersetzen l\u00e4sst.<\/p>\n<p>Und diese Herzlichkeit erstreckt sich auch auf unsere Mitarbeiter, die alle unsere G\u00e4ste herzlich willkommen hei\u00dfen und altmodische Gastfreundschaft bieten, und nat\u00fcrlich jede Menge freundlichen Yorkshire-Charme.<\/p>\n<p>Wir hoffen, Sie genie\u00dfen Ihren Aufenthalt. Wenn Sie einen erneuten Besuch planen, empfehlen wir Ihnen unser Treueprogramm. Die Anmeldung ist schnell, einfach und kostenlos. Anschlie\u00dfend erhalten Sie verg\u00fcnstigte Preise und sammeln Punkte f\u00fcr jedes ausgegebene Pfund. Diese Punkte k\u00f6nnen Sie entweder bei uns oder in einem unserer Partnerhotels in ganz Gro\u00dfbritannien einl\u00f6sen. <a href=\"https:\/\/www.oodles.club\/jorvik-house\/\">Klicken Sie hier f\u00fcr weitere Details.<\/a><\/p>\n\n\t\t<\/div>\n\t<\/div>\n<\/div><\/div><\/div><\/div><\/div><\/div><\/div><\/div><\/section>\n<\/div>","protected":false},"excerpt":{"rendered":"Jorvik Story Welcome to the Jorvik Hotel The hotel you are staying in sits at the heart of historic York. Opposite us, you will find St Olave\u2019s Church, which is almost a thousand years old, having been founded in 1055. Named after St Olaf, a Norwegian saint, the church is testament to the Viking influence [...]","protected":false},"author":1,"featured_media":0,"parent":0,"menu_order":0,"comment_status":"closed","ping_status":"closed","template":"","meta":{"_acf_changed":false,"footnotes":""},"class_list":["post-67","page","type-page","status-publish","hentry"],"acf":[],"_links":{"self":[{"href":"https:\/\/alphacreativetest.co.uk\/de\/wp-json\/wp\/v2\/pages\/67","targetHints":{"allow":["GET"]}}],"collection":[{"href":"https:\/\/alphacreativetest.co.uk\/de\/wp-json\/wp\/v2\/pages"}],"about":[{"href":"https:\/\/alphacreativetest.co.uk\/de\/wp-json\/wp\/v2\/types\/page"}],"author":[{"embeddable":true,"href":"https:\/\/alphacreativetest.co.uk\/de\/wp-json\/wp\/v2\/users\/1"}],"replies":[{"embeddable":true,"href":"https:\/\/alphacreativetest.co.uk\/de\/wp-json\/wp\/v2\/comments?post=67"}],"version-history":[{"count":38,"href":"https:\/\/alphacreativetest.co.uk\/de\/wp-json\/wp\/v2\/pages\/67\/revisions"}],"predecessor-version":[{"id":2892,"href":"https:\/\/alphacreativetest.co.uk\/de\/wp-json\/wp\/v2\/pages\/67\/revisions\/2892"}],"wp:attachment":[{"href":"https:\/\/alphacreativetest.co.uk\/de\/wp-json\/wp\/v2\/media?parent=67"}],"curies":[{"name":"wp","href":"https:\/\/api.w.org\/{rel}","templated":true}]}}