{"id":273,"date":"2018-01-16T17:23:50","date_gmt":"2018-01-16T17:23:50","guid":{"rendered":"https:\/\/alphacreativetest.co.uk\/?page_id=273"},"modified":"2018-02-12T17:12:56","modified_gmt":"2018-02-12T17:12:56","slug":"info","status":"publish","type":"page","link":"https:\/\/alphacreativetest.co.uk\/de\/info\/","title":{"rendered":"Infos"},"content":{"rendered":"<div class=\"wpb-content-wrapper\"><section class=\"vc_section white\"><div class=\"vc_row wpb_row vc_row-fluid\"><div class=\"wpb_animate_when_almost_visible wpb_fadeIn fadeIn wpb_column vc_column_container vc_col-sm-12\"><div class=\"vc_column-inner\"><div class=\"wpb_wrapper\"><div class=\"vc_row wpb_row vc_inner vc_row-fluid\"><div class=\"wpb_column vc_column_container vc_col-sm-12 vc_col-lg-offset-1 vc_col-lg-11 vc_col-md-12\"><div class=\"vc_column-inner\"><div class=\"wpb_wrapper\">\n\t<div class=\"wpb_text_column wpb_content_element\" >\n\t\t<div class=\"wpb_wrapper\">\n\t\t\t<h2>Unsere Einrichtungen<\/h2>\n\n\t\t<\/div>\n\t<\/div>\n<\/div><\/div><\/div><\/div><\/div><\/div><\/div><\/div><div class=\"vc_row wpb_row vc_row-fluid\"><div class=\"wpb_animate_when_almost_visible wpb_fadeIn fadeIn wpb_column vc_column_container vc_col-sm-6\"><div class=\"vc_column-inner\"><div class=\"wpb_wrapper\"><div class=\"vc_row wpb_row vc_inner vc_row-fluid\"><div class=\"wpb_column vc_column_container vc_col-sm-12 vc_col-lg-10 vc_col-md-12\"><div class=\"vc_column-inner\"><div class=\"wpb_wrapper\">\n\t<div  class=\"wpb_single_image wpb_content_element vc_align_left wpb_content_element\">\n\t\t\n\t\t<figure class=\"wpb_wrapper vc_figure\">\n\t\t\t<div class=\"vc_single_image-wrapper   vc_box_border_grey\"><img loading=\"lazy\" decoding=\"async\" width=\"1646\" height=\"1096\" src=\"https:\/\/alphacreativetest.co.uk\/wp-content\/uploads\/2017\/12\/breakfast.jpg\" class=\"vc_single_image-img attachment-full\" alt=\"\" title=\"_Fr\u00fchst\u00fcck\" srcset=\"https:\/\/alphacreativetest.co.uk\/wp-content\/uploads\/2017\/12\/breakfast.jpg 1646w, https:\/\/alphacreativetest.co.uk\/wp-content\/uploads\/2017\/12\/breakfast-300x200.jpg 300w, https:\/\/alphacreativetest.co.uk\/wp-content\/uploads\/2017\/12\/breakfast-768x511.jpg 768w, https:\/\/alphacreativetest.co.uk\/wp-content\/uploads\/2017\/12\/breakfast-1024x682.jpg 1024w, https:\/\/alphacreativetest.co.uk\/wp-content\/uploads\/2017\/12\/breakfast-848x565.jpg 848w, https:\/\/alphacreativetest.co.uk\/wp-content\/uploads\/2017\/12\/breakfast-1140x759.jpg 1140w, https:\/\/alphacreativetest.co.uk\/wp-content\/uploads\/2017\/12\/breakfast-1170x779.jpg 1170w\" sizes=\"auto, (max-width: 1646px) 100vw, 1646px\" \/><\/div>\n\t\t<\/figure>\n\t<\/div>\n<\/div><\/div><\/div><\/div><\/div><\/div><\/div><div class=\"wpb_animate_when_almost_visible wpb_fadeIn fadeIn wpb_column vc_column_container vc_col-sm-6\"><div class=\"vc_column-inner\"><div class=\"wpb_wrapper\"><div class=\"vc_row wpb_row vc_inner vc_row-fluid\"><div class=\"wpb_column vc_column_container vc_col-sm-12 vc_col-lg-10 vc_col-md-12\"><div class=\"vc_column-inner\"><div class=\"wpb_wrapper\">\n\t<div class=\"wpb_text_column wpb_content_element\" >\n\t\t<div class=\"wpb_wrapper\">\n\t\t\t<h3>Express-Fr\u00fchst\u00fcck<\/h3>\n<p>M\u00f6chten Sie einen Fruchtsaft, Smoothie, Panini, Geb\u00e4ck oder Cappuccino auf Ihr Zimmer geliefert bekommen? Buchen Sie eine Fr\u00fchst\u00fcckstasche mit Hauslieferung oder fragen Sie einfach bei Ihrer Ankunft.<\/p>\n\n\t\t<\/div>\n\t<\/div>\n\n\t<div class=\"wpb_text_column wpb_content_element\" >\n\t\t<div class=\"wpb_wrapper\">\n\t\t\t<h3>Parken<\/h3>\n<p>Wir sind nur einen kurzen Fu\u00dfweg vom Bahnhof entfernt, aber wenn Sie ein Auto mitbringen, k\u00f6nnen Sie auf dem Marygate-Parkplatz parken. <a href=\"https:\/\/www.google.co.uk\/maps?safe=off&amp;rlz=1C5CHFA_enGB724GB724&amp;q=marygate+car+park&amp;biw=2048&amp;bih=985&amp;um=1&amp;ie=UTF-8&amp;sa=X&amp;ved=0ahUKEwjSkqjxhLfYAhVjC8AKHa9ID8kQ_AUICigB\" target=\"_blank\" rel=\"noopener\">Postleitzahl YO30 7DT<\/a> - der sich hinter dem Hotel befindet. Dieser Parkplatz des York City Council ist perfekt f\u00fcr unsere G\u00e4ste gelegen und Sie k\u00f6nnen bei der Abfahrt nur f\u00fcr die ben\u00f6tigte Zeit bezahlen.<\/p>\n\n\t\t<\/div>\n\t<\/div>\n<\/div><\/div><\/div><\/div><\/div><\/div><\/div><\/div><div class=\"vc_row wpb_row vc_row-fluid\"><div class=\"wpb_column vc_column_container vc_col-sm-12 vc_hidden-md vc_hidden-xs\"><div class=\"vc_column-inner\"><div class=\"wpb_wrapper\"><div class=\"vc_empty_space\"   style=\"height: 40px\"><span class=\"vc_empty_space_inner\"><\/span><\/div><\/div><\/div><\/div><\/div><div class=\"vc_row wpb_row vc_row-fluid\"><div class=\"wpb_column vc_column_container vc_col-sm-12 vc_hidden-xs\"><div class=\"vc_column-inner\"><div class=\"wpb_wrapper\"><div class=\"vc_empty_space\"   style=\"height: 40px\"><span class=\"vc_empty_space_inner\"><\/span><\/div><\/div><\/div><\/div><\/div><div class=\"vc_row wpb_row vc_row-fluid\"><div class=\"wpb_animate_when_almost_visible wpb_fadeIn fadeIn wpb_column vc_column_container vc_col-sm-6\"><div class=\"vc_column-inner\"><div class=\"wpb_wrapper\"><div class=\"vc_row wpb_row vc_inner vc_row-fluid\"><div class=\"wpb_column vc_column_container vc_col-sm-12 vc_col-lg-offset-2 vc_col-lg-10 vc_col-md-12\"><div class=\"vc_column-inner\"><div class=\"wpb_wrapper\">\n\t<div class=\"wpb_text_column wpb_content_element\" >\n\t\t<div class=\"wpb_wrapper\">\n\t\t\t<h3>Essen in der Stadt<\/h3>\n<p>Die pulsierende Stadt York bietet eine gro\u00dfe Auswahl an fantastischen Lokalen. Bei so vielen M\u00f6glichkeiten f\u00fcr Fr\u00fchst\u00fcck, Brunch, Mittagessen oder Abendessen direkt vor unserer Haust\u00fcr sollten Sie die Wahl haben. Wir helfen Ihnen gerne mit Empfehlungen, die Ihrem Geschmack entsprechen.<\/p>\n\n\t\t<\/div>\n\t<\/div>\n\n\t<div class=\"wpb_text_column wpb_content_element\" >\n\t\t<div class=\"wpb_wrapper\">\n\t\t\t<h3>Auf einen Drink gehen<\/h3>\n<p>York hat vielleicht die meisten Pubs pro Quadratmeile von allen St\u00e4dten des Landes (angeblich einen f\u00fcr jeden Tag des Jahres). Sie sollten keine Probleme haben, einen Platz f\u00fcr einen Drink zu finden. Vom schrulligen House of Trembling Madness \u00fcber traditionelle Pubs bis hin zu coolen Weinbars ist f\u00fcr jeden etwas dabei.<a href=\"\/#secrets\">Einige unserer Favoriten finden Sie unten<\/a>!<\/p>\n\n\t\t<\/div>\n\t<\/div>\n<\/div><\/div><\/div><\/div><\/div><\/div><\/div><div class=\"wpb_animate_when_almost_visible wpb_fadeIn fadeIn wpb_column vc_column_container vc_col-sm-6\"><div class=\"vc_column-inner\"><div class=\"wpb_wrapper\"><div class=\"vc_row wpb_row vc_inner vc_row-fluid\"><div class=\"wpb_column vc_column_container vc_col-sm-12 vc_col-lg-offset-2 vc_col-lg-8 vc_col-md-offset-0 vc_col-md-12\"><div class=\"vc_column-inner\"><div class=\"wpb_wrapper\">\n\t<div  class=\"wpb_single_image wpb_content_element vc_align_left wpb_content_element\">\n\t\t\n\t\t<figure class=\"wpb_wrapper vc_figure\">\n\t\t\t<div class=\"vc_single_image-wrapper   vc_box_border_grey\"><img loading=\"lazy\" decoding=\"async\" width=\"1300\" height=\"866\" src=\"https:\/\/alphacreativetest.co.uk\/wp-content\/uploads\/2017\/12\/drinks.jpg\" class=\"vc_single_image-img attachment-full\" alt=\"\" title=\"getr\u00e4nke\" srcset=\"https:\/\/alphacreativetest.co.uk\/wp-content\/uploads\/2017\/12\/drinks.jpg 1300w, https:\/\/alphacreativetest.co.uk\/wp-content\/uploads\/2017\/12\/drinks-300x200.jpg 300w, https:\/\/alphacreativetest.co.uk\/wp-content\/uploads\/2017\/12\/drinks-768x512.jpg 768w, https:\/\/alphacreativetest.co.uk\/wp-content\/uploads\/2017\/12\/drinks-1024x682.jpg 1024w, https:\/\/alphacreativetest.co.uk\/wp-content\/uploads\/2017\/12\/drinks-848x565.jpg 848w, https:\/\/alphacreativetest.co.uk\/wp-content\/uploads\/2017\/12\/drinks-1140x759.jpg 1140w, https:\/\/alphacreativetest.co.uk\/wp-content\/uploads\/2017\/12\/drinks-1170x779.jpg 1170w\" sizes=\"auto, (max-width: 1300px) 100vw, 1300px\" \/><\/div>\n\t\t<\/figure>\n\t<\/div>\n<\/div><\/div><\/div><\/div><\/div><\/div><\/div><\/div><\/section><section id=\"secrets\" class=\"vc_section grey\"><div class=\"vc_row wpb_row vc_row-fluid\"><div class=\"wpb_animate_when_almost_visible wpb_fadeIn fadeIn wpb_column vc_column_container vc_col-sm-12\"><div class=\"vc_column-inner\"><div class=\"wpb_wrapper\"><div class=\"vc_row wpb_row vc_inner vc_row-fluid\"><div class=\"wpb_column vc_column_container vc_col-sm-12 vc_col-lg-offset-1 vc_col-lg-5 vc_col-md-offset-0 vc_col-md-6\"><div class=\"vc_column-inner\"><div class=\"wpb_wrapper\">\n\t<div class=\"wpb_text_column wpb_content_element\" >\n\t\t<div class=\"wpb_wrapper\">\n\t\t\t<h2>Stadtgeheimnisse<\/h2>\n\n\t\t<\/div>\n\t<\/div>\n<\/div><\/div><\/div><div class=\"wpb_column vc_column_container vc_col-sm-12 vc_col-lg-5 vc_col-md-6\"><div class=\"vc_column-inner\"><div class=\"wpb_wrapper\">\n\t<div class=\"wpb_text_column wpb_content_element\" >\n\t\t<div class=\"wpb_wrapper\">\n\t\t\t<h3>In jeder Stadt, an jeder Ecke oder in jeder Gasse gibt es ein kleines Geheimnis... Das Jorvik-Haus ist ein solches verstecktes Juwel.<\/h3>\n<h3>Wir m\u00f6chten Ihnen einige weitere vorstellen, die in den kleinen Gassen und Nebenstra\u00dfen von York zu finden sind.<\/h3>\n\n\t\t<\/div>\n\t<\/div>\n<\/div><\/div><\/div><\/div><div class=\"vc_row wpb_row vc_inner vc_row-fluid\"><div class=\"wpb_column vc_column_container vc_col-sm-12 vc_col-lg-offset-1 vc_col-lg-10 vc_col-md-offset-0 vc_col-md-12\"><div class=\"vc_column-inner\"><div class=\"wpb_wrapper\"><div class=\"vc_empty_space\"   style=\"height: 40px\"><span class=\"vc_empty_space_inner\"><\/span><\/div><div class=\"vc_separator wpb_content_element vc_separator_align_center vc_sep_width_100 vc_sep_pos_align_center vc_separator_no_text vc_sep_color_white wpb_content_element  wpb_content_element\" ><span class=\"vc_sep_holder vc_sep_holder_l\"><span class=\"vc_sep_line\"><\/span><\/span><span class=\"vc_sep_holder vc_sep_holder_r\"><span class=\"vc_sep_line\"><\/span><\/span>\n<\/div><div class=\"vc_empty_space\"   style=\"height: 40px\"><span class=\"vc_empty_space_inner\"><\/span><\/div><\/div><\/div><\/div><\/div><\/div><\/div><\/div><\/div><div class=\"vc_row wpb_row vc_row-fluid\"><div class=\"wpb_animate_when_almost_visible wpb_fadeIn fadeIn wpb_column vc_column_container vc_col-sm-12\"><div class=\"vc_column-inner\"><div class=\"wpb_wrapper\"><div class=\"vc_row wpb_row vc_inner vc_row-fluid\"><div class=\"wpb_column vc_column_container vc_col-sm-6 vc_col-lg-offset-1 vc_col-lg-5 vc_col-md-offset-0 vc_col-md-6\"><div class=\"vc_column-inner\"><div class=\"wpb_wrapper\">\n\t<div class=\"wpb_text_column wpb_content_element\" >\n\t\t<div class=\"wpb_wrapper\">\n\t\t\t<h4><a href=\"http:\/\/www.tremblingmadness.co.uk\/\" target=\"_blank\" rel=\"noopener\"><b>Das Haus des zitternden Wahnsinns<\/b><\/a><\/h4>\n<h5>Steigen Sie die schmale Treppe hinauf, um belgisches Bier, verr\u00fcckte Taxidermie und Wikingersalamis zu genie\u00dfen!<\/h5>\n<h4><a href=\"http:\/\/pivni.co.uk\/\" target=\"_blank\" rel=\"noopener\"><b>Pivni<\/b><\/a><\/h4>\n<h5>Skurrile Bar mit europ\u00e4ischem Flair, die in einem Fachwerkgeb\u00e4ude aus dem sechzehnten Jahrhundert Craft Beer serviert.<\/h5>\n<h4><a href=\"http:\/\/www.churchillhotel.com\/dine\/\" target=\"_blank\" rel=\"noopener\"><b>Dewsnaps Brasserie im The Churchill<\/b><\/a><\/h4>\n<h5>Das k\u00f6stliche Essen und die Live-Piano-Musik an den meisten Abenden sind ein wahrer Genuss.<\/h5>\n<h4><a href=\"https:\/\/www.tripadvisor.co.uk\/Restaurant_Review-g186346-d4066590-Reviews-The_Whippet_Inn-York_North_Yorkshire_England.html\" target=\"_blank\" rel=\"noopener\"><b>Das Whippet Inn<\/b><\/a><\/h4>\n<h5>Schr\u00e4ges Dekor, trocken gereiftes Rindfleisch und gutes Bier - ganz zu schweigen von dem ausgezeichneten G&amp;T.<\/h5>\n<h4><a href=\"http:\/\/www.crumbscupcakery.co.uk\/\" target=\"_blank\" rel=\"noopener\"><b>Kr\u00fcmel Cupcakery<\/b><\/a><\/h4>\n<h5>Einfach die besten Muffins der Welt, serviert mit Tee.<\/h5>\n\n\t\t<\/div>\n\t<\/div>\n<\/div><\/div><\/div><div class=\"wpb_column vc_column_container vc_col-sm-6 vc_col-lg-5 vc_col-md-6\"><div class=\"vc_column-inner\"><div class=\"wpb_wrapper\">\n\t<div class=\"wpb_text_column wpb_content_element\" >\n\t\t<div class=\"wpb_wrapper\">\n\t\t\t<h4><a href=\"https:\/\/www.tripadvisor.co.uk\/Restaurant_Review-g186346-d3931323-Reviews-Luxury_Ice_Cream_Co-York_North_Yorkshire_England.html\" target=\"_blank\" rel=\"noopener\"><b>Licc-Eiscreme<\/b><\/a><\/h4>\n<h5>150 Sorten hausgemachte Eiscreme - echtes italienisches Gelato!<\/h5>\n<h4><a href=\"https:\/\/bowlervintage.com\/\" target=\"_blank\" rel=\"noopener\"><b>Bowler Jahrgang <\/b><\/a><\/h4>\n<h5>Wenn Sie sich f\u00fcr Vintage-Kleidung interessieren, besuchen Sie Bowler Vintage Fossgate.<\/h5>\n<h4><a href=\"http:\/\/www.mannionandco.co.uk\/\" target=\"_blank\" rel=\"noopener\"><b>Mannion &amp; Co.<\/b><\/a><\/h4>\n<h5>Caf\u00e9, exquisites Feinkostgesch\u00e4ft, Patisserie, handwerkliche B\u00e4ckerei und riesige Baisers.<\/h5>\n<h4><a href=\"https:\/\/www.tripadvisor.co.uk\/Restaurant_Review-g186346-d6973553-Reviews-Ye_Olde_Pie_Sausage_Shoppe-York_North_Yorkshire_England.html\" target=\"_blank\" rel=\"noopener\"><b>Ye Olde Pie &amp; Sausage Shoppe<\/b><\/a><\/h4>\n<h5>Die besten Schweinefleischpasteten, die Sie je probieren werden. Versuchen Sie, eine frisch aus dem Ofen zu bekommen oder nehmen Sie ein paar Shambles-W\u00fcrste mit nach Hause.<\/h5>\n\n\t\t<\/div>\n\t<\/div>\n<\/div><\/div><\/div><\/div><div class=\"vc_row wpb_row vc_inner vc_row-fluid\"><div class=\"wpb_column vc_column_container vc_col-sm-12\"><div class=\"vc_column-inner\"><div class=\"wpb_wrapper\"><div class=\"vc_empty_space\"   style=\"height: 60px\"><span class=\"vc_empty_space_inner\"><\/span><\/div><\/div><\/div><\/div><\/div><\/div><\/div><\/div><\/div><div class=\"vc_row wpb_row vc_row-fluid\"><div class=\"wpb_animate_when_almost_visible wpb_fadeIn fadeIn wpb_column vc_column_container vc_col-sm-12\"><div class=\"vc_column-inner\"><div class=\"wpb_wrapper\"><div class=\"vc_row wpb_row vc_inner vc_row-fluid\"><div class=\"wpb_column vc_column_container vc_col-sm-6 vc_col-lg-offset-3 vc_col-lg-3 vc_col-md-offset-0 vc_col-md-4 vc_col-xs-12\"><div class=\"vc_column-inner\"><div class=\"wpb_wrapper\"><div class=\"vc-hoverbox-wrapper  vc-hoverbox-shape--square vc-hoverbox-align--center vc-hoverbox-direction--default vc-hoverbox-width--100\"  ontouchstart=\"\">\n  <div class=\"vc-hoverbox\">\n    <div class=\"vc-hoverbox-inner\">\n      <div class=\"vc-hoverbox-block vc-hoverbox-front\" style=\"background-image: url(https:\/\/alphacreativetest.co.uk\/wp-content\/uploads\/2017\/12\/breakfast-1024x682.jpg);\">\n        <div class=\"vc-hoverbox-block-inner vc-hoverbox-front-inner\">\n            <h2 style=\"text-align:center\">Mannion &amp; Co.<\/h2>\n        <\/div>\n      <\/div>\n      <div class=\"vc-hoverbox-block vc-hoverbox-back\" style=\"background-color: #ebebeb;\">\n        <div class=\"vc-hoverbox-block-inner vc-hoverbox-back-inner\">\n            <h2 style=\"text-align:center\">Mannion &amp; Co.<\/h2>\n            \n            <div class=\"vc_btn3-container vc_btn3-inline vc_do_btn\" ><a class=\"vc_general vc_btn3 vc_btn3-size-md vc_btn3-shape-rounded vc_btn3-style-modern vc_btn3-color-grey\" href=\"http:\/\/www.mannionandco.co.uk\/\" title=\"\" target=\"_blank\">Text auf dem Button<\/a><\/div>\n        <\/div>\n      <\/div>\n    <\/div>\n  <\/div>\n<\/div><div class=\"vc-hoverbox-wrapper  vc-hoverbox-shape--square vc-hoverbox-align--center vc-hoverbox-direction--default vc-hoverbox-width--100\"  ontouchstart=\"\">\n  <div class=\"vc-hoverbox\">\n    <div class=\"vc-hoverbox-inner\">\n      <div class=\"vc-hoverbox-block vc-hoverbox-front\" style=\"background-image: url(https:\/\/alphacreativetest.co.uk\/wp-content\/uploads\/churchill-1024x683.jpg);\">\n        <div class=\"vc-hoverbox-block-inner vc-hoverbox-front-inner\">\n            <h2 style=\"text-align:center\">Dewsnaps Brasserie im The Churchill<\/h2>\n        <\/div>\n      <\/div>\n      <div class=\"vc-hoverbox-block vc-hoverbox-back\" style=\"background-color: #ebebeb;\">\n        <div class=\"vc-hoverbox-block-inner vc-hoverbox-back-inner\">\n            <h2 style=\"text-align:center\">Dewsnaps Brasserie im The Churchill<\/h2>\n            \n            <div class=\"vc_btn3-container vc_btn3-inline vc_do_btn\" ><a class=\"vc_general vc_btn3 vc_btn3-size-md vc_btn3-shape-rounded vc_btn3-style-modern vc_btn3-color-grey\" href=\"http:\/\/www.churchillhotel.com\/dine\/\" title=\"\" target=\"_blank\">Text auf dem Button<\/a><\/div>\n        <\/div>\n      <\/div>\n    <\/div>\n  <\/div>\n<\/div><\/div><\/div><\/div><div class=\"wpb_column vc_column_container vc_col-sm-6 vc_col-lg-3 vc_col-md-4 vc_col-xs-12\"><div class=\"vc_column-inner\"><div class=\"wpb_wrapper\"><div class=\"vc-hoverbox-wrapper  vc-hoverbox-shape--square vc-hoverbox-align--center vc-hoverbox-direction--default vc-hoverbox-width--100\"  ontouchstart=\"\">\n  <div class=\"vc-hoverbox\">\n    <div class=\"vc-hoverbox-inner\">\n      <div class=\"vc-hoverbox-block vc-hoverbox-front\" style=\"background-image: url(https:\/\/alphacreativetest.co.uk\/wp-content\/uploads\/cupcakery-1024x683.jpg);\">\n        <div class=\"vc-hoverbox-block-inner vc-hoverbox-front-inner\">\n            <h2 style=\"text-align:center\">Kr\u00fcmel Cupcakery<\/h2>\n        <\/div>\n      <\/div>\n      <div class=\"vc-hoverbox-block vc-hoverbox-back\" style=\"background-color: #ebebeb;\">\n        <div class=\"vc-hoverbox-block-inner vc-hoverbox-back-inner\">\n            <h2 style=\"text-align:center\">Kr\u00fcmel Cupcakery<\/h2>\n            \n            <div class=\"vc_btn3-container vc_btn3-inline vc_do_btn\" ><a class=\"vc_general vc_btn3 vc_btn3-size-md vc_btn3-shape-rounded vc_btn3-style-modern vc_btn3-color-grey\" href=\"http:\/\/http:\/\/www.crumbscupcakery.co.uk\/\" title=\"\" target=\"_blank\">Text auf dem Button<\/a><\/div>\n        <\/div>\n      <\/div>\n    <\/div>\n  <\/div>\n<\/div><div class=\"vc-hoverbox-wrapper  vc-hoverbox-shape--square vc-hoverbox-align--center vc-hoverbox-direction--default vc-hoverbox-width--100\"  ontouchstart=\"\">\n  <div class=\"vc-hoverbox\">\n    <div class=\"vc-hoverbox-inner\">\n      <div class=\"vc-hoverbox-block vc-hoverbox-front\" style=\"background-image: url(https:\/\/alphacreativetest.co.uk\/wp-content\/uploads\/bowler-1017x1024.jpg);\">\n        <div class=\"vc-hoverbox-block-inner vc-hoverbox-front-inner\">\n            <h2 style=\"text-align:center\">Bowler Jahrgang<\/h2>\n        <\/div>\n      <\/div>\n      <div class=\"vc-hoverbox-block vc-hoverbox-back\" style=\"background-color: #ebebeb;\">\n        <div class=\"vc-hoverbox-block-inner vc-hoverbox-back-inner\">\n            <h2 style=\"text-align:center\">Bowler Jahrgang<\/h2>\n            \n            <div class=\"vc_btn3-container vc_btn3-inline vc_do_btn\" ><a class=\"vc_general vc_btn3 vc_btn3-size-md vc_btn3-shape-rounded vc_btn3-style-modern vc_btn3-color-grey\" href=\"https:\/\/bowlervintage.com\/\" title=\"\" target=\"_blank\">Text auf dem Button<\/a><\/div>\n        <\/div>\n      <\/div>\n    <\/div>\n  <\/div>\n<\/div><\/div><\/div><\/div><div class=\"wpb_column vc_column_container vc_col-sm-6 vc_col-lg-3 vc_col-md-4 vc_col-xs-12\"><div class=\"vc_column-inner\"><div class=\"wpb_wrapper\"><div class=\"vc-hoverbox-wrapper  vc-hoverbox-shape--square vc-hoverbox-align--center vc-hoverbox-direction--default vc-hoverbox-width--100\"  ontouchstart=\"\">\n  <div class=\"vc-hoverbox\">\n    <div class=\"vc-hoverbox-inner\">\n      <div class=\"vc-hoverbox-block vc-hoverbox-front\" style=\"background-image: url(https:\/\/alphacreativetest.co.uk\/wp-content\/uploads\/2018\/01\/links-18-1024x683.jpg);\">\n        <div class=\"vc-hoverbox-block-inner vc-hoverbox-front-inner\">\n            <h2 style=\"text-align:center\">Lizenzen<\/h2>\n        <\/div>\n      <\/div>\n      <div class=\"vc-hoverbox-block vc-hoverbox-back\" style=\"background-color: #ebebeb;\">\n        <div class=\"vc-hoverbox-block-inner vc-hoverbox-back-inner\">\n            \n            \n            <div class=\"vc_btn3-container vc_btn3-inline vc_do_btn\" ><a class=\"vc_general vc_btn3 vc_btn3-size-md vc_btn3-shape-rounded vc_btn3-style-modern vc_btn3-color-grey\" href=\"http:\/\/liccyork.blogspot.co.uk\/\" title=\"\" target=\"_blank\">Text auf dem Button<\/a><\/div>\n        <\/div>\n      <\/div>\n    <\/div>\n  <\/div>\n<\/div><div class=\"vc-hoverbox-wrapper  vc-hoverbox-shape--square vc-hoverbox-align--center vc-hoverbox-direction--default vc-hoverbox-width--100\"  ontouchstart=\"\">\n  <div class=\"vc-hoverbox\">\n    <div class=\"vc-hoverbox-inner\">\n      <div class=\"vc-hoverbox-block vc-hoverbox-front\" style=\"background-image: url(https:\/\/alphacreativetest.co.uk\/wp-content\/uploads\/links-19-1024x682.jpg);\">\n        <div class=\"vc-hoverbox-block-inner vc-hoverbox-front-inner\">\n            <h2 style=\"text-align:center\">Haus des bebenden Wahnsinns<\/h2>\n        <\/div>\n      <\/div>\n      <div class=\"vc-hoverbox-block vc-hoverbox-back\" style=\"background-color: #ebebeb;\">\n        <div class=\"vc-hoverbox-block-inner vc-hoverbox-back-inner\">\n            <h2 style=\"text-align:center\">Haus des bebenden Wahnsinns<\/h2>\n            \n            <div class=\"vc_btn3-container vc_btn3-inline vc_do_btn\" ><a class=\"vc_general vc_btn3 vc_btn3-size-md vc_btn3-shape-rounded vc_btn3-style-modern vc_btn3-color-grey\" href=\"http:\/\/www.tremblingmadness.co.uk\/\" title=\"\" target=\"_blank\">Text auf dem Button<\/a><\/div>\n        <\/div>\n      <\/div>\n    <\/div>\n  <\/div>\n<\/div><\/div><\/div><\/div><\/div><\/div><\/div><\/div><\/div><\/section>\n<\/div>","protected":false},"excerpt":{"rendered":"Our Facilities Express Breakfast Prefer a fruit juice, smoothie, panini, pastry or cappuccino delivered to your room? Book an in-house delivery breakfast bag or just ask on arrival. Parking We are only a short walk from the train station but if you are bringing a car, parking is situated at Marygate car park \u2013 Postcode [...]","protected":false},"author":1,"featured_media":0,"parent":0,"menu_order":0,"comment_status":"closed","ping_status":"closed","template":"","meta":{"_acf_changed":false,"footnotes":""},"class_list":["post-273","page","type-page","status-publish","hentry"],"acf":[],"_links":{"self":[{"href":"https:\/\/alphacreativetest.co.uk\/de\/wp-json\/wp\/v2\/pages\/273","targetHints":{"allow":["GET"]}}],"collection":[{"href":"https:\/\/alphacreativetest.co.uk\/de\/wp-json\/wp\/v2\/pages"}],"about":[{"href":"https:\/\/alphacreativetest.co.uk\/de\/wp-json\/wp\/v2\/types\/page"}],"author":[{"embeddable":true,"href":"https:\/\/alphacreativetest.co.uk\/de\/wp-json\/wp\/v2\/users\/1"}],"replies":[{"embeddable":true,"href":"https:\/\/alphacreativetest.co.uk\/de\/wp-json\/wp\/v2\/comments?post=273"}],"version-history":[{"count":19,"href":"https:\/\/alphacreativetest.co.uk\/de\/wp-json\/wp\/v2\/pages\/273\/revisions"}],"predecessor-version":[{"id":819,"href":"https:\/\/alphacreativetest.co.uk\/de\/wp-json\/wp\/v2\/pages\/273\/revisions\/819"}],"wp:attachment":[{"href":"https:\/\/alphacreativetest.co.uk\/de\/wp-json\/wp\/v2\/media?parent=273"}],"curies":[{"name":"wp","href":"https:\/\/api.w.org\/{rel}","templated":true}]}}