{"id":2,"date":"2017-12-31T12:24:55","date_gmt":"2017-12-31T12:24:55","guid":{"rendered":"http:\/\/jorvik.outpost.studio\/?page_id=2"},"modified":"2024-06-07T14:12:12","modified_gmt":"2024-06-07T14:12:12","slug":"sample-page","status":"publish","type":"page","link":"https:\/\/alphacreativetest.co.uk\/de\/","title":{"rendered":"Startseite"},"content":{"rendered":"<div class=\"wpb-content-wrapper\"><section id=\"homefirstsection\" class=\"vc_section green\"><div class=\"vc_row wpb_row vc_row-fluid\"><div class=\"wpb_animate_when_almost_visible wpb_fadeIn fadeIn wpb_column vc_column_container vc_col-sm-11 vc_col-lg-offset-1 vc_col-lg-11 vc_col-md-offset-0 vc_col-md-12\"><div class=\"vc_column-inner\"><div class=\"wpb_wrapper\"><div class=\"vc_row wpb_row vc_inner vc_row-fluid\"><div class=\"wpb_column vc_column_container vc_col-sm-12\"><div class=\"vc_column-inner\"><div class=\"wpb_wrapper\">\n\t<div class=\"wpb_text_column wpb_content_element\" >\n\t\t<div class=\"wpb_wrapper\">\n\t\t\t<h2>\u00dcber das Jorvik-Haus<\/h2>\n\n\t\t<\/div>\n\t<\/div>\n<\/div><\/div><\/div><\/div><\/div><\/div><\/div><\/div><div class=\"vc_row wpb_row vc_row-fluid\"><div class=\"wpb_animate_when_almost_visible wpb_fadeIn fadeIn wpb_column vc_column_container vc_col-sm-6\"><div class=\"vc_column-inner\"><div class=\"wpb_wrapper\"><div class=\"vc_row wpb_row vc_inner vc_row-fluid\"><div class=\"wpb_column vc_column_container vc_col-sm-12 vc_col-lg-offset-2 vc_col-lg-9 vc_col-md-offset-0 vc_col-md-12\"><div class=\"vc_column-inner\"><div class=\"wpb_wrapper\">\n\t<div  class=\"wpb_single_image wpb_content_element vc_align_left wpb_content_element\">\n\t\t\n\t\t<figure class=\"wpb_wrapper vc_figure\">\n\t\t\t<div class=\"vc_single_image-wrapper   vc_box_border_grey\"><img loading=\"lazy\" decoding=\"async\" width=\"700\" height=\"467\" src=\"https:\/\/alphacreativetest.co.uk\/wp-content\/uploads\/The-Jorvik-001_web.jpg\" class=\"vc_single_image-img attachment-full\" alt=\"\" title=\"Die Jorvik 001_web\" srcset=\"https:\/\/alphacreativetest.co.uk\/wp-content\/uploads\/The-Jorvik-001_web.jpg 700w, https:\/\/alphacreativetest.co.uk\/wp-content\/uploads\/The-Jorvik-001_web-300x200.jpg 300w\" sizes=\"auto, (max-width: 700px) 100vw, 700px\" \/><\/div>\n\t\t<\/figure>\n\t<\/div>\n<div class=\"vc_empty_space\"   style=\"height: 40px\"><span class=\"vc_empty_space_inner\"><\/span><\/div>\n\t<div class=\"wpb_text_column wpb_content_element\" >\n\t\t<div class=\"wpb_wrapper\">\n\t\t\t<p><a class=\"medium\" href=\"\/rooms\">Buchen Sie Ihren Aufenthalt<\/a><\/p>\n\n\t\t<\/div>\n\t<\/div>\n<\/div><\/div><\/div><\/div><\/div><\/div><\/div><div class=\"wpb_animate_when_almost_visible wpb_fadeIn fadeIn wpb_column vc_column_container vc_col-sm-6\"><div class=\"vc_column-inner\"><div class=\"wpb_wrapper\"><div class=\"vc_row wpb_row vc_inner vc_row-fluid\"><div class=\"wpb_column vc_column_container vc_col-sm-12 vc_col-lg-10 vc_col-md-12\"><div class=\"vc_column-inner\"><div class=\"wpb_wrapper\">\n\t<div class=\"wpb_text_column wpb_content_element\" >\n\t\t<div class=\"wpb_wrapper\">\n\t\t\t<h3>Das Jorvik House ist ein Stadthotel, nur 5 Gehminuten vom Herzen von Yorks Einkaufsviertel, allen wichtigen Sehensw\u00fcrdigkeiten und dem Bahnhof entfernt. Wir empfangen Sie mit herzlicher Gastfreundschaft und dem Charme Yorkshires.<\/h3>\n\n\t\t<\/div>\n\t<\/div>\n\n\t<div class=\"wpb_text_column wpb_content_element\" >\n\t\t<div class=\"wpb_wrapper\">\n\t\t\t<p>Dieses georgianische Stadthaus aus den 1750er Jahren \u00fcberblickt den Eingang zu den Museumsg\u00e4rten, die St.-Olaf-Kirche aus dem 11. Jahrhundert und die \u00dcberreste der St.-Marien-Abtei. Unsere neu renovierten Luxuszimmer und Junior-Suiten sind im skandinavisch-eleganten Stil eingerichtet und von Yorks Wikingervergangenheit inspiriert.<\/p>\n<h5 style=\"text-align: center;\"><strong>Nehmen Sie an unserem ausgew\u00e4hlten Pr\u00e4mienprogramm teil und sichern Sie sich bis zu 151 TP3T Bargeldpr\u00e4mien:<\/strong><\/h5>\n<h5 style=\"text-align: center;\"><strong><a href=\"http:\/\/theguestbook.com\/jorvikhouse\" target=\"_blank\" rel=\"noopener\" class=\"image-link\"><img loading=\"lazy\" decoding=\"async\" class=\"size-full wp-image-4983 aligncenter\" src=\"https:\/\/alphacreativetest.co.uk\/wp-content\/uploads\/jorvikhouse.png\" alt=\"\" width=\"280\" height=\"70\" \/><\/a><\/strong><\/h5>\n<h5 style=\"text-align: center;\"><strong>Das weltweit gr\u00f6\u00dfte Pr\u00e4miennetzwerk f\u00fcr unabh\u00e4ngige und Boutique-Hotelketten<\/strong><\/h5>\n\n\t\t<\/div>\n\t<\/div>\n<div class=\"vc_empty_space\"   style=\"height: 50px\"><span class=\"vc_empty_space_inner\"><\/span><\/div><\/div><\/div><\/div><\/div><\/div><\/div><\/div><\/div><div class=\"vc_row wpb_row vc_row-fluid\"><div class=\"wpb_animate_when_almost_visible wpb_fadeIn fadeIn wpb_column vc_column_container vc_col-sm-12 vc_hidden-md vc_hidden-sm vc_hidden-xs\"><div class=\"vc_column-inner\"><div class=\"wpb_wrapper\">\n\t<div class=\"wpb_raw_code wpb_raw_html wpb_content_element\" >\n\t\t<div class=\"wpb_wrapper\">\n\t\t\t<button id=\"scrolldowntwo\"><\/button>\n\t\t<\/div>\n\t<\/div>\n\n\t<div  class=\"wpb_single_image wpb_content_element vc_align_left wpb_content_element wpb_animate_when_almost_visible wpb_fadeIn fadeIn  darkcrest\">\n\t\t\n\t\t<figure class=\"wpb_wrapper vc_figure\">\n\t\t\t<div class=\"vc_single_image-wrapper   vc_box_border_grey\"><img loading=\"lazy\" decoding=\"async\" width=\"780\" height=\"810\" src=\"https:\/\/alphacreativetest.co.uk\/wp-content\/uploads\/crest.png\" class=\"vc_single_image-img attachment-full\" alt=\"\" title=\"Kamm\" srcset=\"https:\/\/alphacreativetest.co.uk\/wp-content\/uploads\/crest.png 780w, https:\/\/alphacreativetest.co.uk\/wp-content\/uploads\/crest-289x300.png 289w, https:\/\/alphacreativetest.co.uk\/wp-content\/uploads\/crest-768x798.png 768w\" sizes=\"auto, (max-width: 780px) 100vw, 780px\" \/><\/div>\n\t\t<\/figure>\n\t<\/div>\n<\/div><\/div><\/div><\/div><\/section><section id=\"secrets\" class=\"vc_section grey\"><div class=\"vc_row wpb_row vc_row-fluid squeeze\"><div class=\"wpb_animate_when_almost_visible wpb_fadeIn fadeIn wpb_column vc_column_container vc_col-sm-6 vc_col-lg-6 vc_col-md-12\"><div class=\"vc_column-inner\"><div class=\"wpb_wrapper\"><div class=\"vc_row wpb_row vc_inner vc_row-fluid\"><div class=\"wpb_column vc_column_container vc_col-sm-12 vc_col-lg-offset-2 vc_col-lg-5 vc_col-md-offset-0 vc_col-md-6\"><div class=\"vc_column-inner\"><div class=\"wpb_wrapper\">\n\t<div class=\"wpb_text_column wpb_content_element\" >\n\t\t<div class=\"wpb_wrapper\">\n\t\t\t<p>Entdecken Sie unsere Zimmer<\/p>\n\n\t\t<\/div>\n\t<\/div>\n\n\t<div  class=\"wpb_single_image wpb_content_element vc_align_left wpb_content_element\">\n\t\t\n\t\t<figure class=\"wpb_wrapper vc_figure\">\n\t\t\t<a href=\"\/rooms\" target=\"_self\" class=\"vc_single_image-wrapper   vc_box_border_grey\"><img loading=\"lazy\" decoding=\"async\" width=\"400\" height=\"266\" src=\"https:\/\/alphacreativetest.co.uk\/wp-content\/uploads\/The-Jorvik-038_web-1.jpg\" class=\"vc_single_image-img attachment-full\" alt=\"\" title=\"Die Jorvik 038_web\" srcset=\"https:\/\/alphacreativetest.co.uk\/wp-content\/uploads\/The-Jorvik-038_web-1.jpg 400w, https:\/\/alphacreativetest.co.uk\/wp-content\/uploads\/The-Jorvik-038_web-1-300x200.jpg 300w\" sizes=\"auto, (max-width: 400px) 100vw, 400px\" \/><\/a>\n\t\t<\/figure>\n\t<\/div>\n<\/div><\/div><\/div><div class=\"wpb_column vc_column_container vc_col-sm-12 vc_col-lg-5 vc_col-md-6\"><div class=\"vc_column-inner\"><div class=\"wpb_wrapper\">\n\t<div class=\"wpb_text_column wpb_content_element\" >\n\t\t<div class=\"wpb_wrapper\">\n\t\t\t<p>Unsere Geschichte<\/p>\n\n\t\t<\/div>\n\t<\/div>\n\n\t<div  class=\"wpb_single_image wpb_content_element vc_align_left wpb_content_element\">\n\t\t\n\t\t<figure class=\"wpb_wrapper vc_figure\">\n\t\t\t<a href=\"\/story\" target=\"_self\" class=\"vc_single_image-wrapper   vc_box_border_grey\"><img loading=\"lazy\" decoding=\"async\" width=\"400\" height=\"267\" src=\"https:\/\/alphacreativetest.co.uk\/wp-content\/uploads\/The-Jorvik-010_web-1.jpg\" class=\"vc_single_image-img attachment-full\" alt=\"\" title=\"Die Jorvik 010_web\" srcset=\"https:\/\/alphacreativetest.co.uk\/wp-content\/uploads\/The-Jorvik-010_web-1.jpg 400w, https:\/\/alphacreativetest.co.uk\/wp-content\/uploads\/The-Jorvik-010_web-1-300x200.jpg 300w\" sizes=\"auto, (max-width: 400px) 100vw, 400px\" \/><\/a>\n\t\t<\/figure>\n\t<\/div>\n<\/div><\/div><\/div><\/div><\/div><\/div><\/div><div class=\"wpb_animate_when_almost_visible wpb_fadeIn fadeIn wpb_column vc_column_container vc_col-sm-6 vc_col-lg-6 vc_col-md-12\"><div class=\"vc_column-inner\"><div class=\"wpb_wrapper\"><div class=\"vc_row wpb_row vc_inner vc_row-fluid\"><div class=\"wpb_column vc_column_container vc_col-sm-12 vc_col-lg-offset-0 vc_col-lg-5 vc_col-md-6\"><div class=\"vc_column-inner\"><div class=\"wpb_wrapper\">\n\t<div class=\"wpb_text_column wpb_content_element\" >\n\t\t<div class=\"wpb_wrapper\">\n\t\t\t<p>Stadtf\u00fchrer<\/p>\n\n\t\t<\/div>\n\t<\/div>\n\n\t<div  class=\"wpb_single_image wpb_content_element vc_align_left wpb_content_element\">\n\t\t\n\t\t<figure class=\"wpb_wrapper vc_figure\">\n\t\t\t<a href=\"\/about\" target=\"_self\" class=\"vc_single_image-wrapper   vc_box_border_grey\"><img loading=\"lazy\" decoding=\"async\" width=\"1300\" height=\"866\" src=\"https:\/\/alphacreativetest.co.uk\/wp-content\/uploads\/2017\/12\/drinks.jpg\" class=\"vc_single_image-img attachment-full\" alt=\"\" title=\"getr\u00e4nke\" srcset=\"https:\/\/alphacreativetest.co.uk\/wp-content\/uploads\/2017\/12\/drinks.jpg 1300w, https:\/\/alphacreativetest.co.uk\/wp-content\/uploads\/2017\/12\/drinks-300x200.jpg 300w, https:\/\/alphacreativetest.co.uk\/wp-content\/uploads\/2017\/12\/drinks-768x512.jpg 768w, https:\/\/alphacreativetest.co.uk\/wp-content\/uploads\/2017\/12\/drinks-1024x682.jpg 1024w, https:\/\/alphacreativetest.co.uk\/wp-content\/uploads\/2017\/12\/drinks-848x565.jpg 848w, https:\/\/alphacreativetest.co.uk\/wp-content\/uploads\/2017\/12\/drinks-1140x759.jpg 1140w, https:\/\/alphacreativetest.co.uk\/wp-content\/uploads\/2017\/12\/drinks-1170x779.jpg 1170w\" sizes=\"auto, (max-width: 1300px) 100vw, 1300px\" \/><\/a>\n\t\t<\/figure>\n\t<\/div>\n<\/div><\/div><\/div><div class=\"wpb_column vc_column_container vc_col-sm-12 vc_col-lg-5 vc_col-md-6\"><div class=\"vc_column-inner\"><div class=\"wpb_wrapper\">\n\t<div class=\"wpb_text_column wpb_content_element\" >\n\t\t<div class=\"wpb_wrapper\">\n\t\t\t<p>Finden Sie uns<\/p>\n\n\t\t<\/div>\n\t<\/div>\n\n\t<div  class=\"wpb_single_image wpb_content_element vc_align_left wpb_content_element\">\n\t\t\n\t\t<figure class=\"wpb_wrapper vc_figure\">\n\t\t\t<a href=\"\/contact\" target=\"_self\" class=\"vc_single_image-wrapper   vc_box_border_grey\"><img loading=\"lazy\" decoding=\"async\" width=\"1212\" height=\"840\" src=\"https:\/\/alphacreativetest.co.uk\/wp-content\/uploads\/map.jpg\" class=\"vc_single_image-img attachment-full\" alt=\"\" title=\"Karte\" srcset=\"https:\/\/alphacreativetest.co.uk\/wp-content\/uploads\/map.jpg 1212w, https:\/\/alphacreativetest.co.uk\/wp-content\/uploads\/map-300x208.jpg 300w, https:\/\/alphacreativetest.co.uk\/wp-content\/uploads\/map-768x532.jpg 768w, https:\/\/alphacreativetest.co.uk\/wp-content\/uploads\/map-1024x710.jpg 1024w, https:\/\/alphacreativetest.co.uk\/wp-content\/uploads\/map-848x588.jpg 848w, https:\/\/alphacreativetest.co.uk\/wp-content\/uploads\/map-1140x790.jpg 1140w, https:\/\/alphacreativetest.co.uk\/wp-content\/uploads\/map-1170x811.jpg 1170w\" sizes=\"auto, (max-width: 1212px) 100vw, 1212px\" \/><\/a>\n\t\t<\/figure>\n\t<\/div>\n<\/div><\/div><\/div><\/div><\/div><\/div><\/div><\/div><\/section>\n<\/div>","protected":false},"excerpt":{"rendered":"About Jorvik House Book your Stay Jorvik House is a city centre hotel less than 5 minutes walk from the heart of York\u2019s shopping district, all its major attractions and the railway station. Welcoming you with good old fashioned hospitality and Yorkshire charm. This 1750\u2019s Georgian townhouse overlooks the gateway to the Museum Gardens, The [...]","protected":false},"author":1,"featured_media":0,"parent":0,"menu_order":0,"comment_status":"closed","ping_status":"open","template":"","meta":{"_acf_changed":false,"footnotes":""},"class_list":["post-2","page","type-page","status-publish","hentry"],"acf":[],"_links":{"self":[{"href":"https:\/\/alphacreativetest.co.uk\/de\/wp-json\/wp\/v2\/pages\/2","targetHints":{"allow":["GET"]}}],"collection":[{"href":"https:\/\/alphacreativetest.co.uk\/de\/wp-json\/wp\/v2\/pages"}],"about":[{"href":"https:\/\/alphacreativetest.co.uk\/de\/wp-json\/wp\/v2\/types\/page"}],"author":[{"embeddable":true,"href":"https:\/\/alphacreativetest.co.uk\/de\/wp-json\/wp\/v2\/users\/1"}],"replies":[{"embeddable":true,"href":"https:\/\/alphacreativetest.co.uk\/de\/wp-json\/wp\/v2\/comments?post=2"}],"version-history":[{"count":6,"href":"https:\/\/alphacreativetest.co.uk\/de\/wp-json\/wp\/v2\/pages\/2\/revisions"}],"predecessor-version":[{"id":18960,"href":"https:\/\/alphacreativetest.co.uk\/de\/wp-json\/wp\/v2\/pages\/2\/revisions\/18960"}],"wp:attachment":[{"href":"https:\/\/alphacreativetest.co.uk\/de\/wp-json\/wp\/v2\/media?parent=2"}],"curies":[{"name":"wp","href":"https:\/\/api.w.org\/{rel}","templated":true}]}}