{"id":116,"date":"2018-01-01T18:02:03","date_gmt":"2018-01-01T18:02:03","guid":{"rendered":"http:\/\/jorvik.outpost.studio\/?page_id=116"},"modified":"2021-01-25T14:51:53","modified_gmt":"2021-01-25T14:51:53","slug":"terms","status":"publish","type":"page","link":"https:\/\/alphacreativetest.co.uk\/de\/terms\/","title":{"rendered":"Bedingungen"},"content":{"rendered":"<div class=\"wpb-content-wrapper\"><section class=\"vc_section grey\"><div class=\"vc_row wpb_row vc_row-fluid\"><div class=\"wpb_animate_when_almost_visible wpb_fadeIn fadeIn wpb_column vc_column_container vc_col-sm-12\"><div class=\"vc_column-inner\"><div class=\"wpb_wrapper\"><div class=\"vc_row wpb_row vc_inner vc_row-fluid\"><div class=\"wpb_column vc_column_container vc_col-sm-2\"><div class=\"vc_column-inner\"><div class=\"wpb_wrapper\">\n\t<div class=\"wpb_text_column wpb_content_element\" >\n\t\t<div class=\"wpb_wrapper\">\n\t\t\t<h2>Bedingungen<\/h2>\n\n\t\t<\/div>\n\t<\/div>\n<\/div><\/div><\/div><div class=\"wpb_column vc_column_container vc_col-sm-12 vc_col-lg-10 vc_col-md-12\"><div class=\"vc_column-inner\"><div class=\"wpb_wrapper\">\n\t<div class=\"wpb_text_column wpb_content_element\" >\n\t\t<div class=\"wpb_wrapper\">\n\t\t\t<p><strong>Einchecken\/Auschecken<\/strong><\/p>\n<p>Der Check-in ist ab 14:00 Uhr m\u00f6glich. Der Check-out erfolgt bis 11:00 Uhr am Abreisetag.<\/p>\n<p><strong>Stornierungen<\/strong><\/p>\n<p>Unser flexibler Standard-Zimmerpreis (Zimmerpreis ohne Reservierung) erm\u00f6glicht eine kostenlose Stornierung bis zu 48 Stunden vor Anreise. Bei Stornierungen nach Ablauf dieser Frist wird die erste \u00dcbernachtung von der bei der Buchung hinterlegten Kreditkarte abgebucht, die Kosten f\u00fcr die folgenden N\u00e4chte werden jedoch erstattet. Bei Nichterscheinen wird der Gesamtbetrag der Buchung f\u00e4llig, die Kosten f\u00fcr die folgenden N\u00e4chte werden ebenfalls erstattet.<\/p>\n<p>Wir bieten au\u00dferdem einen verg\u00fcnstigten, flexiblen Tarif mit der Bezeichnung \u201914 Tage stornierbarer Zimmertarif\u2019 an. Dieser Tarif erm\u00f6glicht eine kostenlose Stornierung bis zu 14 Tage vor dem gebuchten Anreisedatum. Bei einer sp\u00e4teren Stornierung wird der Gesamtpreis der Buchung berechnet. Im Falle einer Nichterscheinen wird ebenfalls der Gesamtpreis der Buchung berechnet, die Kosten f\u00fcr die folgenden N\u00e4chte werden jedoch erstattet.<\/p>\n<p>Fr\u00fchbucher-Sonderpreise sind nicht erstattungsf\u00e4hig und nicht \u00fcbertragbar.<\/p>\n<p>Bitte beachten Sie, dass die Stornierungsbedingungen bei Buchungen \u00fcber Drittanbieter-Websites oder Online-Reiseb\u00fcros abweichen k\u00f6nnen. Die oben genannten Bedingungen gelten zwar f\u00fcr alle Buchungen, die direkt \u00fcber unsere Website erfolgen, bitte \u00fcberpr\u00fcfen Sie jedoch die Bedingungen, denen Sie bei der Buchung oder bei Buchungen \u00fcber Drittanbieter oder Reiseb\u00fcros zustimmen bzw. an die Sie gebunden sind. Stornierungen von Buchungen, die \u00fcber Drittanbieter oder Online-Reiseb\u00fcros vorgenommen wurden, m\u00fcssen direkt \u00fcber das jeweilige Reiseb\u00fcro erfolgen.<\/p>\n<p><strong>Zahlung<\/strong><\/p>\n<p>Alle Preise sind in britischen Pfund (GBP) angegeben und enthalten die Mehrwertsteuer gem\u00e4\u00df 20%.<\/p>\n<p>Vorautorisierung von Kredit- oder Debitkarten<\/p>\n<p>Wir behalten uns das Recht vor, die angegebene Kredit- oder Debitkarte mit einem Betrag zur Deckung des Minibar-Bestands vorzuautorisieren.<\/p>\n<p><strong>Haftung<\/strong><\/p>\n<p>Die Haftung der G\u00e4ste f\u00fcr ihr Konto wird nicht aufgehoben, und die G\u00e4ste erkl\u00e4ren sich damit einverstanden, pers\u00f6nlich haftbar gemacht zu werden, falls eine angegebene Person, Gruppe, Firma oder Vereinigung die angefallenen Geb\u00fchren ganz oder teilweise nicht bezahlt.<\/p>\n<p><strong>Besch\u00e4digung von Hoteleigentum<\/strong><\/p>\n<p>Wir behalten uns das Recht vor, G\u00e4sten die Kosten f\u00fcr die Beseitigung von Sch\u00e4den in Rechnung zu stellen, die durch vors\u00e4tzliches, fahrl\u00e4ssiges oder r\u00fccksichtsloses Handeln des Gastes am Eigentum oder der Struktur des Hotels verursacht wurden. Sollte dieser Schaden erst nach Abreise des Gastes festgestellt werden, behalten wir uns das Recht vor, die Kredit-\/Debitkarte des Gastes zu belasten oder eine Rechnung \u00fcber den Betrag an die registrierte Adresse zu senden. Wir werden jedoch alles daransetzen, etwaige Sch\u00e4den intern zu beheben, bevor wir Fachleute mit der Reparatur beauftragen, und daher alles daran setzen, die dem Gast entstehenden Kosten so gering wie m\u00f6glich zu halten.<\/p>\n<p><strong>Entfernung von Hoteleigentum<\/strong><\/p>\n<p>Wir behalten uns das Recht vor, G\u00e4sten die Kosten f\u00fcr den Ersatz von Gegenst\u00e4nden in Rechnung zu stellen, die sie ohne unsere Zustimmung aus dem Haus entfernen. Die Geb\u00fchr entspricht dem vollen Wiederbeschaffungswert des fehlenden Gegenstands, einschlie\u00dflich etwaiger Transportkosten. Sollte der Verlust eines Gegenstands erst nach Abreise des Gastes festgestellt werden, behalten wir uns das Recht vor, den Betrag der Kredit-\/Debitkarte des Gastes zu belasten oder eine Rechnung an die angegebene Adresse zu senden.<\/p>\n<p><strong>Manipulation von Brandmeldeanlagen und Feuerl\u00f6schanlagen<\/strong><\/p>\n<p>Wir behalten uns das Recht vor, gegen G\u00e4ste vorzugehen, die Brandmeldeanlagen im gesamten Hotel manipulieren oder beeintr\u00e4chtigen. Dies betrifft insbesondere Melder in \u00f6ffentlichen Bereichen und Zimmern, Glasbruchmelder und Feuerl\u00f6scher. G\u00e4sten, die Brandmelde- oder Feuerl\u00f6schanlagen manipulieren, werden die dadurch entstandenen Kosten in Rechnung gestellt. Zudem k\u00f6nnen sie des Hotels verwiesen werden. Je nach Schwere des Versto\u00dfes kann die Polizei eingeschaltet werden. Sollte die Manipulation von Brandmelde- oder Feuerl\u00f6schanlagen erst nach Abreise des Gastes festgestellt werden, behalten wir uns das Recht vor, den Betrag der Kredit-\/Debitkarte des Gastes zu belasten oder eine Rechnung an die registrierte Adresse zu senden.<\/p>\n<p><strong>Unangemessenes Verhalten<\/strong><\/p>\n<p>Es ist die Hotelrichtlinie, dass alle unsere G\u00e4ste das Recht haben, mit W\u00fcrde und Respekt behandelt zu werden. Als verantwortungsbewusster Gastgeber sehen wir es als unsere Pflicht an, unsere G\u00e4ste vor unangemessenem Verhalten zu sch\u00fctzen. Sollte das Verhalten eines Gastes vom diensthabenden Manager als unangemessen eingestuft werden oder sollte ihm ein solches Verhalten gemeldet werden, beh\u00e4lt sich das Hotel nach erfolgter Untersuchung der Vorw\u00fcrfe das Recht vor, gegen den Gast vorzugehen. Je nach Schwere des Fehlverhaltens kann nach Ermessen des Hotels die Polizei eingeschaltet oder der Gast gebeten werden, das Hotel zu verlassen. Sollte das unangemessene und\/oder st\u00f6rende Verhalten des Gastes dem Hotel direkt einen Einnahmeverlust verursachen, behalten wir uns das Recht vor, die Kredit-\/Debitkarte des Gastes mit dem entstandenen Schaden zu belasten oder eine Rechnung an die registrierte Adresse zu senden.<\/p>\n<p><strong>Verlorene\/Besch\u00e4digte Gegenst\u00e4nde<\/strong><\/p>\n<p>Sollte ein Gast w\u00e4hrend seines Aufenthalts Gegenst\u00e4nde verlieren oder sein Eigentum besch\u00e4digt werden, gelten die Bestimmungen des Hotelgesetzes von 1956 (Hotel Proprietors Act 1956), dessen Aushang an der Rezeption zu finden ist. Falls wir Fundsachen finden, werden wir uns nach besten Kr\u00e4ften bem\u00fchen, den Eigent\u00fcmer ausfindig zu machen und die Gegenst\u00e4nde zur\u00fcckzugeben. Gelingt es uns jedoch nicht, den Eigent\u00fcmer zu ermitteln und\/oder werden die Gegenst\u00e4nde nicht innerhalb von drei Monaten nach Abreise des Gastes abgeholt, werden sie vom Hotel entsorgt.<\/p>\n<p><strong>Datenschutzrichtlinie\/Cookies<\/strong><\/p>\n<p>Pers\u00f6nliche Daten sind vertraulich. Jorvik House verpflichtet sich, die Privatsph\u00e4re aller Besucher unserer Website www.alphacreativetest.co.uk zu wahren. Bitte lesen Sie die folgende Datenschutzerkl\u00e4rung, um zu verstehen, wie wir die von Ihnen bereitgestellten Informationen verwenden und sch\u00fctzen.<\/p>\n<p>Mit Ihrer Registrierung oder Bestellung auf dieser Website erkl\u00e4ren Sie sich mit der Erhebung, Nutzung und Weitergabe Ihrer Daten gem\u00e4\u00df den Bestimmungen dieser Richtlinie einverstanden.<\/p>\n<h6>Informationen, die wir von Ihnen erfassen:<\/h6>\n<ul>\n<li>\n<h6>Wenn Sie die Website besuchen, sich dort registrieren oder Produkte oder Dienstleistungen bestellen <u>www.alphacreativetest.co.uk<\/u> M\u00f6glicherweise werden Sie aufgefordert, bestimmte Informationen \u00fcber sich selbst anzugeben, darunter Ihren Namen, Ihre Kontaktdaten und Ihre Kredit- oder Debitkarteninformationen.<\/h6>\n<\/li>\n<li>\n<h6>Wir erfassen m\u00f6glicherweise auch Informationen \u00fcber Ihre Nutzung unserer Website sowie Informationen \u00fcber Sie aus Nachrichten, die Sie auf der Website ver\u00f6ffentlichen, und E-Mails oder Briefen, die Sie uns senden.<\/h6>\n<\/li>\n<li>\n<h6>Zur Aufrechterhaltung unserer Kundenservice-Standards und zur Unterst\u00fctzung der Mitarbeiterschulung zeichnen wir gegebenenfalls eingehende Anrufe auf und \u00fcberwachen diese.<\/h6>\n<\/li>\n<\/ul>\n<h6>Verwendung Ihrer Daten:<\/h6>\n<ul>\n<li>\n<h6>Ihre Angaben erm\u00f6glichen es uns, Ihnen Zugang zu allen Bereichen unserer Website zu gew\u00e4hren und die von Ihnen bestellten Waren oder Dienstleistungen bereitzustellen. Wir k\u00f6nnen Ihnen damit au\u00dferdem Rechnungen stellen und Sie bei Bedarf bez\u00fcglich Ihrer Bestellungen kontaktieren. Dar\u00fcber hinaus nutzen und analysieren wir die erhobenen Daten, um unser Gesch\u00e4ft zu verwalten, zu unterst\u00fctzen, zu verbessern und weiterzuentwickeln.<\/h6>\n<\/li>\n<li>\n<h6>Wir k\u00f6nnen Ihre Daten insbesondere nutzen, um Sie nach Ihrer Meinung zu unseren Dienstleistungen zu fragen und Sie gelegentlich \u00fcber wichtige \u00c4nderungen oder Weiterentwicklungen der Website oder unserer Dienstleistungen zu informieren. Sofern Sie Ihre Einwilligung erteilt haben, k\u00f6nnen wir Ihre Daten auch verwenden, um Sie per E-Mail \u00fcber andere Produkte und Dienstleistungen zu informieren, die wir anbieten und die f\u00fcr Sie von Interesse sein k\u00f6nnten. Sollten Sie Ihre Meinung bez\u00fcglich der Kontaktaufnahme in Zukunft \u00e4ndern, teilen Sie uns dies bitte mit.<\/h6>\n<\/li>\n<\/ul>\n<h6>Offenlegung Ihrer Daten:<\/h6>\n<ul>\n<li>\n<h6>Die von Ihnen bereitgestellten Informationen k\u00f6nnen von Dritten eingesehen oder an diese weitergegeben werden. Einige dieser Dritten, die in unserem Auftrag zu den in dieser Richtlinie dargelegten oder von Ihnen genehmigten Zwecken t\u00e4tig sind, k\u00f6nnen ihren Sitz au\u00dferhalb des Europ\u00e4ischen Wirtschaftsraums haben. Sie verarbeiten Informationen, bearbeiten und liefern Bestellungen, wickeln Kreditkartenzahlungen ab und erbringen Supportleistungen in unserem Auftrag. Wir k\u00f6nnen au\u00dferdem aggregierte Informationen \u00fcber die Nutzung unserer Website an Dritte weitergeben. Diese Informationen enthalten jedoch keine Daten, die zu Ihrer Identifizierung verwendet werden k\u00f6nnen.<\/h6>\n<\/li>\n<li>\n<h6>Sofern Sie uns bei der Angabe Ihrer Daten Ihre Einwilligung erteilt haben, gestatten wir gegebenenfalls sorgf\u00e4ltig ausgew\u00e4hlten Dritten, einschlie\u00dflich anderer Unternehmen unserer Gruppe, Sie gelegentlich \u00fcber Produkte und Dienstleistungen zu informieren, die f\u00fcr Sie von Interesse sein k\u00f6nnten. Die Kontaktaufnahme erfolgt per E-Mail. Sollten Sie Ihre Meinung bez\u00fcglich der Kontaktaufnahme durch diese Unternehmen in Zukunft \u00e4ndern, teilen Sie uns dies bitte mit unter <u>reservations@alphacreativetest.co.uk<\/u><\/h6>\n<\/li>\n<li>\n<h6>Schlie\u00dflich k\u00f6nnen Ihre Daten im Falle eines Joint Ventures, eines Verkaufs oder einer Fusion unseres Unternehmens mit einem anderen Unternehmen an unsere neuen Gesch\u00e4ftspartner oder Eigent\u00fcmer weitergegeben werden.<\/h6>\n<\/li>\n<li>\n<h6>L\u00e4nder au\u00dferhalb des Europ\u00e4ischen Wirtschaftsraums verf\u00fcgen nicht immer \u00fcber strenge Datenschutzgesetze. Wir werden jedoch stets Ma\u00dfnahmen ergreifen, um sicherzustellen, dass Ihre Daten von Dritten gem\u00e4\u00df dieser Richtlinie verwendet werden.<\/h6>\n<\/li>\n<li>\n<h6>Sofern dies nicht gesetzlich vorgeschrieben oder erlaubt ist, werden wir die von Ihnen bereitgestellten Informationen ohne Ihre Zustimmung nicht anderweitig weitergeben, verkaufen oder verbreiten.<\/h6>\n<\/li>\n<\/ul>\n<h6>Irgendetwas anderes?<\/h6>\n<h6>Sicherheit und Datenaufbewahrung:<\/h6>\n<ul>\n<li>\n<h6>Wir setzen Sicherheitsma\u00dfnahmen ein, um Ihre Daten vor unbefugtem Zugriff und unrechtm\u00e4\u00dfiger Verarbeitung sowie vor versehentlichem Verlust, Zerst\u00f6rung und Besch\u00e4digung zu sch\u00fctzen. Wir speichern Ihre Daten f\u00fcr einen angemessenen Zeitraum oder so lange, wie es gesetzlich vorgeschrieben ist.<\/h6>\n<\/li>\n<\/ul>\n<h6><\/h6>\n<h6>Verwendung von Cookies auf der Jorvik House-Website<\/h6>\n<h6>Wir verwenden auf unserer Website Cookies, um Ihr Nutzererlebnis zu verbessern. Ein Cookie ist eine Textdatei, die Informationen \u00fcber Ihre Aktivit\u00e4ten und Ihr Verhalten auf unserer Website enth\u00e4lt. Sie wird in Ihrem Webbrowser gespeichert, damit wir Ihr Erlebnis bei Ihrem n\u00e4chsten Besuch personalisieren k\u00f6nnen.<\/h6>\n<h6>Cookies sind \u00e4u\u00dferst n\u00fctzlich, da sie Ihre Internetnutzung beschleunigen und es einer Website erm\u00f6glichen, das Ger\u00e4t eines Nutzers zu erkennen.<\/h6>\n<h6>Nachfolgend finden Sie eine \u00dcbersicht der auf unserer Website verwendeten Cookies. F\u00fcr weitere Informationen empfehlen wir Ihnen die folgende Quelle: <a href=\"http:\/\/www.ico.gov.uk\/for_organisations\/privacy_and_electronic_communications\/the_guide\/cookies.aspx\">http:\/\/www.ico.gov.uk\/for_organisations\/privacy_and_electronic_communications\/the_guide\/cookies.aspx<\/a><\/h6>\n<h6>Notwendige Cookies, um Ihre Kundenerfahrung zu erm\u00f6glichen<\/h6>\n<h6>Einige Cookies sind f\u00fcr Ihre Nutzung der Website unerl\u00e4sslich, um Ihnen den Zugriff auf gesch\u00fctzte Bereiche zu erm\u00f6glichen, beispielsweise f\u00fcr Online-Buchungen, elektronische Zahlungen oder Online-Anfragen. Ohne Cookies w\u00e4ren diese Online-K\u00e4ufe nicht m\u00f6glich.<\/h6>\n<h6>Analytische Tracking-Cookies, die es uns erm\u00f6glichen, Ihre Nutzererfahrung zu verbessern<\/h6>\n<h6>Unsere Tracking-Cookies erfassen anonym Informationen dar\u00fcber, wie Sie unsere Website nutzen, welche Seiten Sie besuchen, wie Sie auf die Website gelangt sind und wo Sie sie verlassen haben. Diese Daten sind anonym und nicht auf Sie pers\u00f6nlich bezogen, helfen uns aber dennoch, Ihr Web-Erlebnis zu verbessern, indem wir Seiten identifizieren, auf denen Besucher die Website h\u00e4ufiger verlassen oder auf denen Besucher Schwierigkeiten haben, die ben\u00f6tigten Informationen zu finden.<\/h6>\n<h6>Marketing-Cookies zur Leistungsmessung<\/h6>\n<h6>Unsere Marketing-Cookies erm\u00f6glichen es uns, die Effektivit\u00e4t unserer Online-Marketingkampagnen, beispielsweise unseres E-Mail-Marketings, zu messen. Sie erfassen anonyme Daten zu allgemeinen Besuchsmustern und Trends, um die Vorlieben und Abneigungen unserer Kunden zu verstehen. Au\u00dferdem werden sie verwendet, um Ihnen relevante Informationen bereitzustellen, die auf Ihre Browseraktivit\u00e4ten und die von Ihnen besuchten Seiten unserer Website abgestimmt sind.<\/h6>\n<h6>Ihre Cookies verwalten<\/h6>\n<h6>In der Hilfe-Men\u00fcleiste der meisten Browser finden Sie Informationen zum Blockieren oder Verhindern von Cookies. Dort erfahren Sie, wie Sie Cookies vollst\u00e4ndig deaktivieren. Beachten Sie jedoch, dass Sie dadurch einfache E-Commerce-Funktionen auf der Jorvik House-Website nicht mehr nutzen k\u00f6nnen. Wir empfehlen Ihnen daher dringend, Cookies aktiviert zu lassen, damit wir unsere Websites und Ihr Nutzererlebnis kontinuierlich verbessern k\u00f6nnen.<\/h6>\n<h6>\u00c4nderungen unserer Datenschutzrichtlinie:<\/h6>\n<ul>\n<li>\n<h6>Zuk\u00fcnftige \u00c4nderungen unserer Datenschutzrichtlinien werden auf der Website ver\u00f6ffentlicht und gegebenenfalls per E-Mail mitgeteilt.<\/h6>\n<\/li>\n<\/ul>\n<h6>Kontakt:<\/h6>\n<ul>\n<li>\n<h6>Alle Kommentare, Fragen und Anfragen bez\u00fcglich unserer Verwendung Ihrer Daten sind willkommen und sollten an folgende Adresse gerichtet werden: <u>reservations@alphacreativetest.co.uk<\/u><\/h6>\n<\/li>\n<\/ul>\n<h6>Alle Informationen werden auf unseren sicheren Servern gespeichert.<\/h6>\n<h6>Sollten Sie weitere Fragen zu unserer Datenschutzrichtlinie haben, senden Sie bitte eine E-Mail an uns. <u>reservations@alphacreativetest.co.uk<\/u><\/h6>\n\n\t\t<\/div>\n\t<\/div>\n<\/div><\/div><\/div><\/div><\/div><\/div><\/div><\/div><\/section>\n<\/div>","protected":false},"excerpt":{"rendered":"Terms Check In\/Check Out You may check in from 14.00 Check out is by 11.00 on the day of departure Cancellations Our standard flexible room rate (titled Room Only Rate) allows for bookings to be cancelled free of charge up to 48 hours in advance of the arrival date. In the event of cancellation after [...]","protected":false},"author":1,"featured_media":0,"parent":0,"menu_order":0,"comment_status":"closed","ping_status":"closed","template":"","meta":{"_acf_changed":false,"footnotes":""},"class_list":["post-116","page","type-page","status-publish","hentry"],"acf":[],"_links":{"self":[{"href":"https:\/\/alphacreativetest.co.uk\/de\/wp-json\/wp\/v2\/pages\/116","targetHints":{"allow":["GET"]}}],"collection":[{"href":"https:\/\/alphacreativetest.co.uk\/de\/wp-json\/wp\/v2\/pages"}],"about":[{"href":"https:\/\/alphacreativetest.co.uk\/de\/wp-json\/wp\/v2\/types\/page"}],"author":[{"embeddable":true,"href":"https:\/\/alphacreativetest.co.uk\/de\/wp-json\/wp\/v2\/users\/1"}],"replies":[{"embeddable":true,"href":"https:\/\/alphacreativetest.co.uk\/de\/wp-json\/wp\/v2\/comments?post=116"}],"version-history":[{"count":5,"href":"https:\/\/alphacreativetest.co.uk\/de\/wp-json\/wp\/v2\/pages\/116\/revisions"}],"predecessor-version":[{"id":8542,"href":"https:\/\/alphacreativetest.co.uk\/de\/wp-json\/wp\/v2\/pages\/116\/revisions\/8542"}],"wp:attachment":[{"href":"https:\/\/alphacreativetest.co.uk\/de\/wp-json\/wp\/v2\/media?parent=116"}],"curies":[{"name":"wp","href":"https:\/\/api.w.org\/{rel}","templated":true}]}}